{"id":3,"date":"2022-11-20T22:45:25","date_gmt":"2022-11-20T21:45:25","guid":{"rendered":"https:\/\/lesvigneronsdemistral.fr\/?page_id=3"},"modified":"2022-12-13T15:34:21","modified_gmt":"2022-12-13T14:34:21","slug":"politique-de-confidentialite","status":"publish","type":"page","link":"https:\/\/lesvigneronsdemistral.fr\/index.php\/politique-de-confidentialite\/","title":{"rendered":"Mentions l\u00e9gales d&rsquo;utilisation du site les vignerons de mistral"},"content":{"rendered":"\t\t<div data-elementor-type=\"wp-page\" data-elementor-id=\"3\" class=\"elementor elementor-3\" data-elementor-post-type=\"page\">\n\t\t\t\t\t\t<section class=\"elementor-section elementor-top-section elementor-element elementor-element-fe7279f elementor-section-boxed elementor-section-height-default elementor-section-height-default\" data-id=\"fe7279f\" data-element_type=\"section\" data-settings=\"{&quot;background_background&quot;:&quot;classic&quot;}\">\n\t\t\t\t\t\t<div class=\"elementor-container elementor-column-gap-default\">\n\t\t\t\t\t<div class=\"elementor-column elementor-col-100 elementor-top-column elementor-element elementor-element-ac95662\" data-id=\"ac95662\" data-element_type=\"column\">\n\t\t\t<div class=\"elementor-widget-wrap elementor-element-populated\">\n\t\t\t\t\t\t<div class=\"elementor-element elementor-element-9af97df elementor-widget elementor-widget-heading\" data-id=\"9af97df\" data-element_type=\"widget\" data-widget_type=\"heading.default\">\n\t\t\t\t<div class=\"elementor-widget-container\">\n\t\t\t\t\t<h1 class=\"elementor-heading-title elementor-size-default\">Mentions L\u00e9gales<\/h1>\t\t\t\t<\/div>\n\t\t\t\t<\/div>\n\t\t\t\t\t<\/div>\n\t\t<\/div>\n\t\t\t\t\t<\/div>\n\t\t<\/section>\n\t\t\t\t<section class=\"elementor-section elementor-top-section elementor-element elementor-element-34ee5947 elementor-section-boxed elementor-section-height-default elementor-section-height-default\" data-id=\"34ee5947\" data-element_type=\"section\" data-settings=\"{&quot;background_background&quot;:&quot;classic&quot;}\">\n\t\t\t\t\t\t<div class=\"elementor-container elementor-column-gap-default\">\n\t\t\t\t\t<div class=\"elementor-column elementor-col-100 elementor-top-column elementor-element elementor-element-7619976c\" data-id=\"7619976c\" data-element_type=\"column\">\n\t\t\t<div class=\"elementor-widget-wrap elementor-element-populated\">\n\t\t\t\t\t\t<div class=\"elementor-element elementor-element-3ab211a0 elementor-widget elementor-widget-text-editor\" data-id=\"3ab211a0\" data-element_type=\"widget\" data-widget_type=\"text-editor.default\">\n\t\t\t\t<div class=\"elementor-widget-container\">\n\t\t\t\t\t\t\t\t\t<p><strong>Propri\u00e9taire<\/strong><br \/>Dirigeant<br \/><strong>SIRET :<\/strong> 78270830900011<\/p><p><strong>Adresse:<\/strong><br \/>Avenue de Sylvanes<br \/>13130 BERRE L&rsquo;ETANG<br \/><strong>H\u00e9bergement<\/strong><br \/>Planet Hoster<br \/>4416 Louis B. Mayer<br \/>H7P 0G1 LAVAL (QUEBEC)<\/p><p><strong>Cr\u00e9dits images:<\/strong><\/p><p>Pixabay (illustrations)<\/p><p><strong>Dispositions g\u00e9n\u00e9rales<\/strong><br \/>Conform\u00e9ment aux dispositions des articles 6-III et 19 de la Loi n\u00b0 2004-575 du 21 juin 2004 pour la Confiance dans l\u2019\u00e9conomie num\u00e9rique, dite L.C.E.N., nous portons \u00e0 la connaissance des utilisateurs et visiteurs du site : <strong>https:\/\/lesvigneronsdemistral.fr<\/strong> les informations suivantes :<\/p><p><strong>1. Pr\u00e9sentation et principe :<\/strong><br \/>Est d\u00e9sign\u00e9 ci-apr\u00e8s : Utilisateur, tout internaute se connectant et utilisant le site susnomm\u00e9 : <em>https:\/\/lesvigneronsdemistral.fr<\/em><br \/>Le site <em>https:\/\/lesvigneronsdemistral.fr<\/em> regroupe un ensemble de services, dans l\u2019\u00e9tat, mis \u00e0 la disposition des utilisateurs. Il est ici pr\u00e9cis\u00e9 que ces derniers doivent rester courtois et faire preuve de bonne foi tant envers les autres utilisateurs qu\u2019envers le webmaster du site ; <em>https:\/\/lesvigneronsdemistral.fr<\/em> est mis \u00e0 jour r\u00e9guli\u00e8rement par DIRIGEANT.<br \/>DRIGEANT s\u2019efforce de fournir sur le site\u00a0 <em>https:\/\/lesvigneronsdemistral.fr<\/em> des informations les plus pr\u00e9cises possibles (sous r\u00e9serve de modifications apport\u00e9es depuis leur mise en ligne), mais ne saurait garantir l\u2019exactitude, la compl\u00e9tude et l\u2019actualit\u00e9 des informations diffus\u00e9es sur son site, qu\u2019elles soient de son fait ou du fait des tiers partenaires qui lui fournissent ces informations. En cons\u00e9quence, l\u2019utilisateur reconna\u00eet utiliser ces informations donn\u00e9es (\u00e0 titre indicatif, non exhaustives et susceptibles d\u2019\u00e9voluer) sous sa responsabilit\u00e9 exclusive.<\/p><p><strong>2. Accessibilit\u00e9 :<\/strong><br \/>Le site <em>https:\/\/lesvigneronsdemistral.fr<\/em> est par principe accessible aux utilisateurs 24\/24h, 7\/7j, sauf interruption, programm\u00e9e ou non, pour les besoins de sa maintenance ou en cas de force majeure. En cas d\u2019impossibilit\u00e9 d\u2019acc\u00e8s au service, DIRIGEANT s\u2019engage \u00e0 faire son maximum afin de r\u00e9tablir l\u2019acc\u00e8s au service et s\u2019efforcera alors de communiquer pr\u00e9alablement aux utilisateurs les dates et heures de l\u2019intervention. N\u2019\u00e9tant soumis qu\u2019\u00e0 une obligation de moyen, le propri\u00e9taire ou le webmaster du site ne sauraient \u00eatre tenus pour responsables de tout dommage, quelle qu\u2019en soit la nature, r\u00e9sultant d\u2019une indisponibilit\u00e9 du service.<\/p><p><strong>3. Propri\u00e9t\u00e9 intellectuelle :<\/strong><br \/>DIRIGEANT est propri\u00e9taire exclusif de tous les droits de propri\u00e9t\u00e9 intellectuelle ou d\u00e9tient les droits d\u2019usage sur tous les \u00e9l\u00e9ments accessibles sur le site, tant sur la structure que sur les textes, images, graphismes, logo, ic\u00f4nes, sons, logiciels\u2026<br \/>Toute reproduction totale ou partielle du site <em>https:\/\/lesvigneronsdemistral.fr<\/em> , repr\u00e9sentation, modification, publication, adaptation totale ou partielle de l\u2019un quelconque de ces \u00e9l\u00e9ments, quel que soit le moyen ou le proc\u00e9d\u00e9 utilis\u00e9, est interdite, sauf autorisation \u00e9crite pr\u00e9alable de DIRIGEANT, propri\u00e9taire du site \u00e0 l\u2019email : ADRESSE MAIL, \u00e0 d\u00e9faut elle sera consid\u00e9r\u00e9e comme constitutive d\u2019une contrefa\u00e7on et passible de poursuite conform\u00e9ment aux dispositions des articles L.335-2 et suivants du Code de Propri\u00e9t\u00e9 Intellectuelle.<\/p><p><strong>4. Liens hypertextes et cookies :<\/strong><br \/>Le site\u00a0 <em>https:\/\/lesvigneronsdemistral.fr<\/em> contient un certain nombre de liens hypertextes vers d\u2019autres sites (partenaires, informations \u2026) mis en place avec l\u2019autorisation de DIRIGEANT. Cependant, DIRIGEANT n\u2019a pas la possibilit\u00e9 de v\u00e9rifier l\u2019ensemble du contenu des sites ainsi visit\u00e9s et d\u00e9cline donc toute responsabilit\u00e9 de ce fait quant aux risques \u00e9ventuels de contenus illicites.<br \/>L\u2019utilisateur est inform\u00e9 que lors de ses visites sur le site <em>https:\/\/lesvignerosndemistral.fr<\/em>, un ou des cookies sont susceptibles de s\u2019installer automatiquement sur son ordinateur par l\u2019interm\u00e9diaire de son logiciel de navigation. Un cookie est un bloc de donn\u00e9es qui ne permet pas d\u2019identifier l\u2019utilisateur, mais qui enregistre des informations relatives \u00e0 la navigation de celui-ci sur le site.<br \/>Le param\u00e9trage du logiciel de navigation permet d\u2019informer de la pr\u00e9sence de cookie et \u00e9ventuellement, de la refuser de la mani\u00e8re d\u00e9crite \u00e0 l\u2019adresse suivante : <a href=\"https:\/\/cnil.fr\">www.cnil.fr<\/a>. L\u2019utilisateur peut toutefois configurer le navigateur de son ordinateur pour refuser l\u2019installation des cookies, sachant que le refus d\u2019installation d\u2019un cookie peut entra\u00eener l\u2019impossibilit\u00e9 d\u2019acc\u00e9der \u00e0 certains services. Pour tout blocage des cookies, tapez dans votre moteur de recherche : blocage des cookies sous IE, Firefox, Safari, Qwant, Chrome ou tout autre navigateur, et suivez les instructions en fonction de votre version.<\/p><p><strong>5. Protection des biens et des personnes \u2013 gestion des donn\u00e9es personnelles :<\/strong><br \/>En France, les donn\u00e9es personnelles sont notamment prot\u00e9g\u00e9es par la loi n\u00b0 78-87 du 6 janvier 1978, la loi n\u00b0 2004-801 du 6 ao\u00fbt 2004, l\u2019article L. 226-13 du Code p\u00e9nal et la Directive Europ\u00e9enne du 24 octobre 1995.<br \/>Sur le site <em>https:\/\/lesvigneronsdemistral.fr<\/em>, DIRIGEANT ne collecte des informations personnelles ( suivant l\u2019article 4 loi n\u00b078-17 du 06 janvier 1978) relatives \u00e0 l\u2019utilisateur que pour le besoin de certains services propos\u00e9s par le site <em>https:\/\/lesvigneronsdemistral.fr<\/em>. L\u2019utilisateur fournit ces informations en toute connaissance de cause, notamment lorsqu\u2019il proc\u00e8de par lui-m\u00eame \u00e0 leur saisie. Il est alors pr\u00e9cis\u00e9 \u00e0 l\u2019utilisateur du site <em>https:\/\/lesvigneronsdemistral.fr<\/em> l\u2019obligation ou non de fournir ces informations.<br \/>Conform\u00e9ment aux dispositions des articles 38 et suivants de la loi 78-17 du 6 janvier 1978 relative \u00e0 l\u2019informatique, aux fichiers et aux libert\u00e9s, tout utilisateur dispose d\u2019un droit d\u2019acc\u00e8s, de rectification, de suppression et d\u2019opposition aux donn\u00e9es personnelles le concernant. Pour l\u2019exercer, adressez votre demande par email au Webmaster : contact@cabaneweb.fr ou par \u00e9crit d\u00fbment sign\u00e9e, accompagn\u00e9e d\u2019une copie du titre d\u2019identit\u00e9 avec signature du titulaire de la pi\u00e8ce, en pr\u00e9cisant l\u2019adresse \u00e0 laquelle la r\u00e9ponse doit \u00eatre envoy\u00e9e.<br \/>Aucune information personnelle de l\u2019utilisateur du site <em>https:\/\/lesvigneronsdemistral.fr<\/em>\u00a0 n\u2019est publi\u00e9e \u00e0 l\u2019insu de l\u2019utilisateur, \u00e9chang\u00e9e, transf\u00e9r\u00e9e, c\u00e9d\u00e9e ou vendue sur un support quelconque \u00e0 des tiers. Seule l\u2019hypoth\u00e8se du rachat du site <em>https:\/\/lesvigneronsdemistral.fr<\/em> et de ses droits autorise DIRIGEANT \u00e0 transmettre les dites informations \u00e0 l\u2019\u00e9ventuel acqu\u00e9reur qui serait \u00e0 son tour tenu \u00e0 la m\u00eame obligation de conservation et de modification des donn\u00e9es vis \u00e0 vis de l\u2019utilisateur du site <em>https:\/\/lesvigneronsdemistral.fr<\/em> .<br \/>Les bases de donn\u00e9es sont prot\u00e9g\u00e9es par les dispositions de la loi du 1er juillet 1998 transposant la directive 96\/9 du 11 mars 1996 relative \u00e0 la protection juridique des bases de donn\u00e9es.<\/p><p><strong>6. R\u00e8glement g\u00e9n\u00e9ral sur la protection des donn\u00e9es:<\/strong><br \/>DIRIGEANT s\u2019engage \u00e0 ce que la collecte et le traitement de vos donn\u00e9es, effectu\u00e9s \u00e0 partir du site <em>https:\/\/lesvigneronsdemistral.fr<\/em>, soient conformes au r\u00e8glement g\u00e9n\u00e9ral sur la protection des donn\u00e9es (RGPD) et \u00e0 la loi Informatique et Libert\u00e9s.<br \/>Sur le site <em>https:\/\/lesvigneronsdemistral.fr<\/em>, un formulaire de contact et un formulaire d&rsquo;inscription NewsLetter sont int\u00e9gr\u00e9s ; Ces formulaires limitent la collecte des donn\u00e9es personnelles au strict n\u00e9cessaire (minimisation des donn\u00e9es) et indique notamment :<br \/>\u2022 quels sont les objectifs du recueil de ces donn\u00e9es (finalit\u00e9s) ;<br \/>\u2022 si ces donn\u00e9es sont obligatoires ou facultatives pour la gestion de votre demande ;<br \/>\u2022 qui pourra en prendre connaissance (uniquement DIRIGEANT en principe, sauf pr\u00e9cision dans le formulaire lorsqu\u2019une transmission \u00e0 un tiers est n\u00e9cessaire \u00e0 la gestion de votre demande) ;<br \/>\u2022 vos droits Informatique et Libert\u00e9s et la fa\u00e7on de les exercer aupr\u00e8s de la CNIL.<br \/>Les donn\u00e9es personnelles recueillies dans le cadre des services propos\u00e9s sur <em>https:\/\/lesvigneronsdemistral.fr<\/em> sont trait\u00e9es selon des protocoles s\u00e9curis\u00e9s et permettent \u00e0 DIRIGEANT de g\u00e9rer les demandes re\u00e7ues.<br \/>Pour toute information ou exercice de vos droits Informatique et Libert\u00e9s sur les traitements de donn\u00e9es personnelles g\u00e9r\u00e9s par DIRIGEANT, vous pouvez contacter :<br \/>\u2022 Par mail<br \/>\u2022 ou par courrier \u00e0 l\u2019adresse suivante :<br \/>Les Vignerons de Mistral, 22 route des Vignerons, 13130 BERRE L&rsquo;ETANG.<\/p>\t\t\t\t\t\t\t\t<\/div>\n\t\t\t\t<\/div>\n\t\t\t\t\t<\/div>\n\t\t<\/div>\n\t\t\t\t\t<\/div>\n\t\t<\/section>\n\t\t\t\t<\/div>\n\t\t","protected":false},"excerpt":{"rendered":"<p>Mentions L\u00e9gales Propri\u00e9taireDirigeantSIRET : 78270830900011 Adresse:Avenue de Sylvanes13130 BERRE L&rsquo;ETANGH\u00e9bergementPlanet Hoster4416 Louis B. MayerH7P 0G1 LAVAL (QUEBEC) Cr\u00e9dits images: Pixabay (illustrations) Dispositions g\u00e9n\u00e9ralesConform\u00e9ment aux dispositions des articles 6-III et 19 de la Loi n\u00b0 2004-575 du 21 juin 2004 pour la Confiance dans l\u2019\u00e9conomie num\u00e9rique, dite L.C.E.N., nous portons \u00e0 la connaissance des utilisateurs et [&hellip;]<\/p>\n","protected":false},"author":1,"featured_media":0,"parent":0,"menu_order":0,"comment_status":"closed","ping_status":"open","template":"elementor_header_footer","meta":{"site-sidebar-layout":"default","site-content-layout":"","ast-site-content-layout":"","site-content-style":"default","site-sidebar-style":"default","ast-global-header-display":"","ast-banner-title-visibility":"","ast-main-header-display":"","ast-hfb-above-header-display":"","ast-hfb-below-header-display":"","ast-hfb-mobile-header-display":"","site-post-title":"","ast-breadcrumbs-content":"","ast-featured-img":"","footer-sml-layout":"","theme-transparent-header-meta":"","adv-header-id-meta":"","stick-header-meta":"","header-above-stick-meta":"","header-main-stick-meta":"","header-below-stick-meta":"","astra-migrate-meta-layouts":"default","ast-page-background-enabled":"default","ast-page-background-meta":{"desktop":{"background-color":"","background-image":"","background-repeat":"repeat","background-position":"center center","background-size":"auto","background-attachment":"scroll","background-type":"","background-media":"","overlay-type":"","overlay-color":"","overlay-gradient":""},"tablet":{"background-color":"","background-image":"","background-repeat":"repeat","background-position":"center center","background-size":"auto","background-attachment":"scroll","background-type":"","background-media":"","overlay-type":"","overlay-color":"","overlay-gradient":""},"mobile":{"background-color":"","background-image":"","background-repeat":"repeat","background-position":"center center","background-size":"auto","background-attachment":"scroll","background-type":"","background-media":"","overlay-type":"","overlay-color":"","overlay-gradient":""}},"ast-content-background-meta":{"desktop":{"background-color":"var(--ast-global-color-5)","background-image":"","background-repeat":"repeat","background-position":"center center","background-size":"auto","background-attachment":"scroll","background-type":"","background-media":"","overlay-type":"","overlay-color":"","overlay-gradient":""},"tablet":{"background-color":"var(--ast-global-color-5)","background-image":"","background-repeat":"repeat","background-position":"center center","background-size":"auto","background-attachment":"scroll","background-type":"","background-media":"","overlay-type":"","overlay-color":"","overlay-gradient":""},"mobile":{"background-color":"var(--ast-global-color-5)","background-image":"","background-repeat":"repeat","background-position":"center center","background-size":"auto","background-attachment":"scroll","background-type":"","background-media":"","overlay-type":"","overlay-color":"","overlay-gradient":""}},"footnotes":""},"class_list":["post-3","page","type-page","status-publish","hentry"],"_links":{"self":[{"href":"https:\/\/lesvigneronsdemistral.fr\/index.php\/wp-json\/wp\/v2\/pages\/3","targetHints":{"allow":["GET"]}}],"collection":[{"href":"https:\/\/lesvigneronsdemistral.fr\/index.php\/wp-json\/wp\/v2\/pages"}],"about":[{"href":"https:\/\/lesvigneronsdemistral.fr\/index.php\/wp-json\/wp\/v2\/types\/page"}],"author":[{"embeddable":true,"href":"https:\/\/lesvigneronsdemistral.fr\/index.php\/wp-json\/wp\/v2\/users\/1"}],"replies":[{"embeddable":true,"href":"https:\/\/lesvigneronsdemistral.fr\/index.php\/wp-json\/wp\/v2\/comments?post=3"}],"version-history":[{"count":5,"href":"https:\/\/lesvigneronsdemistral.fr\/index.php\/wp-json\/wp\/v2\/pages\/3\/revisions"}],"predecessor-version":[{"id":571,"href":"https:\/\/lesvigneronsdemistral.fr\/index.php\/wp-json\/wp\/v2\/pages\/3\/revisions\/571"}],"wp:attachment":[{"href":"https:\/\/lesvigneronsdemistral.fr\/index.php\/wp-json\/wp\/v2\/media?parent=3"}],"curies":[{"name":"wp","href":"https:\/\/api.w.org\/{rel}","templated":true}]}}